{"id":1991,"date":"2023-11-24T17:16:16","date_gmt":"2023-11-24T17:16:16","guid":{"rendered":"https:\/\/staging.wilke-marine.com\/ueber-olaf-wilke\/"},"modified":"2024-04-23T04:51:12","modified_gmt":"2024-04-23T04:51:12","slug":"a-propos-dolaf-wilke","status":"publish","type":"page","link":"https:\/\/staging.wilke-marine.com\/fr\/a-propos-dolaf-wilke\/","title":{"rendered":"\u00c0 propos d&#8217;Olaf Wilke"},"content":{"rendered":"\t\t<div data-elementor-type=\"wp-page\" data-elementor-id=\"1991\" class=\"elementor elementor-1991 elementor-345\" data-elementor-post-type=\"page\">\n\t\t\t\t<div class=\"elementor-element elementor-element-d41cdcf e-flex e-con-boxed e-con e-parent\" data-id=\"d41cdcf\" data-element_type=\"container\">\n\t\t\t\t\t<div class=\"e-con-inner\">\n\t\t\t\t<div class=\"elementor-element elementor-element-562761f elementor-widget elementor-widget-heading\" data-id=\"562761f\" data-element_type=\"widget\" data-widget_type=\"heading.default\">\n\t\t\t\t<div class=\"elementor-widget-container\">\n\t\t\t\t\t<h1 class=\"elementor-heading-title elementor-size-default\">A propos de moi<\/h1>\t\t\t\t<\/div>\n\t\t\t\t<\/div>\n\t\t<div class=\"elementor-element elementor-element-f3270bf e-flex e-con-boxed e-con e-child\" data-id=\"f3270bf\" data-element_type=\"container\">\n\t\t\t\t\t<div class=\"e-con-inner\">\n\t\t<div class=\"elementor-element elementor-element-c1b5003 e-con-full e-flex e-con e-child\" data-id=\"c1b5003\" data-element_type=\"container\">\n\t\t\t\t<div class=\"elementor-element elementor-element-0adbe8f elementor-widget elementor-widget-image\" data-id=\"0adbe8f\" data-element_type=\"widget\" data-widget_type=\"image.default\">\n\t\t\t\t<div class=\"elementor-widget-container\">\n\t\t\t\t\t\t\t\t\t\t\t\t\t\t\t<img fetchpriority=\"high\" decoding=\"async\" width=\"428\" height=\"640\" src=\"https:\/\/staging.wilke-marine.com\/wp-content\/uploads\/2024\/04\/Portrait-1.jpg\" class=\"attachment-full size-full wp-image-2511\" alt=\"\" srcset=\"https:\/\/staging.wilke-marine.com\/wp-content\/uploads\/2024\/04\/Portrait-1.jpg 428w, https:\/\/staging.wilke-marine.com\/wp-content\/uploads\/2024\/04\/Portrait-1-201x300.jpg 201w\" sizes=\"(max-width: 428px) 100vw, 428px\" \/>\t\t\t\t\t\t\t\t\t\t\t\t\t\t\t<\/div>\n\t\t\t\t<\/div>\n\t\t\t\t<\/div>\n\t\t<div class=\"elementor-element elementor-element-4eb75ef e-con-full e-flex e-con e-child\" data-id=\"4eb75ef\" data-element_type=\"container\">\n\t\t\t\t<div class=\"elementor-element elementor-element-786099d elementor-widget elementor-widget-text-editor\" data-id=\"786099d\" data-element_type=\"widget\" data-widget_type=\"text-editor.default\">\n\t\t\t\t<div class=\"elementor-widget-container\">\n\t\t\t\t\t\t\t\t\t<p>Bienvenue chez Olaf Wilke Marine GmbH.<\/p>\n<p>Comme vous avez d\u00e9j\u00e0 eu l&#8217;occasion de vous faire une id\u00e9e de nos produits et services, j&#8217;aimerais me pr\u00e9senter bri\u00e8vement :<\/p>\n<p>Pourquoi est-ce que je vous offre la confiance sur l&#8217;eau ?<\/p>\n<p>Je suis actif dans le commerce national et international depuis plus d&#8217;un quart de si\u00e8cle, dont plus de 20 ans dans le monde nautique.<\/p>\n<p>Mon r\u00e9seau et mes nombreuses ann\u00e9es d&#8217;exp\u00e9rience avec des marques \u00e9tablies telles que B\u00e9n\u00e9teau, Jeanneau, Bavaria, Rinker et Stingray parlent en faveur de trouver la bonne chose pour VOUS aussi.<\/p>\n<p>e me ferai un plaisir de vous aider \u00e0 r\u00e9aliser vos r\u00eaves.<\/p>\n<p>Votre Olaf Wilke<\/p>\n\t\t\t\t\t\t\t\t<\/div>\n\t\t\t\t<\/div>\n\t\t\t\t<\/div>\n\t\t\t\t\t<\/div>\n\t\t\t\t<\/div>\n\t\t\t\t\t<\/div>\n\t\t\t\t<\/div>\n\t\t<div class=\"elementor-element elementor-element-74385e7 e-flex e-con-boxed e-con e-parent\" data-id=\"74385e7\" data-element_type=\"container\">\n\t\t\t\t\t<div class=\"e-con-inner\">\n\t\t\t\t<div class=\"elementor-element elementor-element-840dc6e elementor-align-center elementor-widget elementor-widget-button\" data-id=\"840dc6e\" data-element_type=\"widget\" data-widget_type=\"button.default\">\n\t\t\t\t<div class=\"elementor-widget-container\">\n\t\t\t\t\t\t\t\t\t<div class=\"elementor-button-wrapper\">\n\t\t\t\t\t<a class=\"elementor-button elementor-button-link elementor-size-sm\" href=\"https:\/\/staging.wilke-marine.com\/fr\/contact\/\">\n\t\t\t\t\t\t<span class=\"elementor-button-content-wrapper\">\n\t\t\t\t\t\t\t\t\t<span class=\"elementor-button-text\">Prenez contact avec nous<\/span>\n\t\t\t\t\t<\/span>\n\t\t\t\t\t<\/a>\n\t\t\t\t<\/div>\n\t\t\t\t\t\t\t\t<\/div>\n\t\t\t\t<\/div>\n\t\t\t\t\t<\/div>\n\t\t\t\t<\/div>\n\t\t\t\t<\/div>\n\t\t","protected":false},"excerpt":{"rendered":"<p>A propos de moi Bienvenue chez Olaf Wilke Marine GmbH. Comme vous avez d\u00e9j\u00e0 eu l&#8217;occasion de vous faire une id\u00e9e de nos produits et services, j&#8217;aimerais me pr\u00e9senter bri\u00e8vement : Pourquoi est-ce que je vous offre la confiance sur l&#8217;eau ? Je suis actif dans le commerce national et international depuis plus d&#8217;un quart [&hellip;]<\/p>\n","protected":false},"author":1,"featured_media":0,"parent":0,"menu_order":0,"comment_status":"closed","ping_status":"closed","template":"","meta":{"footnotes":""},"class_list":["post-1991","page","type-page","status-publish","hentry"],"_links":{"self":[{"href":"https:\/\/staging.wilke-marine.com\/fr\/wp-json\/wp\/v2\/pages\/1991","targetHints":{"allow":["GET"]}}],"collection":[{"href":"https:\/\/staging.wilke-marine.com\/fr\/wp-json\/wp\/v2\/pages"}],"about":[{"href":"https:\/\/staging.wilke-marine.com\/fr\/wp-json\/wp\/v2\/types\/page"}],"author":[{"embeddable":true,"href":"https:\/\/staging.wilke-marine.com\/fr\/wp-json\/wp\/v2\/users\/1"}],"replies":[{"embeddable":true,"href":"https:\/\/staging.wilke-marine.com\/fr\/wp-json\/wp\/v2\/comments?post=1991"}],"version-history":[{"count":5,"href":"https:\/\/staging.wilke-marine.com\/fr\/wp-json\/wp\/v2\/pages\/1991\/revisions"}],"predecessor-version":[{"id":2515,"href":"https:\/\/staging.wilke-marine.com\/fr\/wp-json\/wp\/v2\/pages\/1991\/revisions\/2515"}],"wp:attachment":[{"href":"https:\/\/staging.wilke-marine.com\/fr\/wp-json\/wp\/v2\/media?parent=1991"}],"curies":[{"name":"wp","href":"https:\/\/api.w.org\/{rel}","templated":true}]}}