{"id":1987,"date":"2023-11-29T18:32:27","date_gmt":"2023-11-29T18:32:27","guid":{"rendered":"https:\/\/staging.wilke-marine.com\/starweld-victory-16\/"},"modified":"2023-12-15T09:49:36","modified_gmt":"2023-12-15T09:49:36","slug":"starweld-victory-16","status":"publish","type":"page","link":"https:\/\/staging.wilke-marine.com\/fr\/starweld-victory-16\/","title":{"rendered":"Starweld Victory 16"},"content":{"rendered":"\t\t<div data-elementor-type=\"wp-page\" data-elementor-id=\"1987\" class=\"elementor elementor-1987 elementor-1090\" data-elementor-post-type=\"page\">\n\t\t\t\t<div class=\"elementor-element elementor-element-a1e9f73 e-flex e-con-boxed e-con e-parent\" data-id=\"a1e9f73\" data-element_type=\"container\" data-settings=\"{&quot;background_background&quot;:&quot;classic&quot;}\">\n\t\t\t\t\t<div class=\"e-con-inner\">\n\t\t\t\t\t<\/div>\n\t\t\t\t<\/div>\n\t\t<div class=\"elementor-element elementor-element-13552ba e-flex e-con-boxed e-con e-parent\" data-id=\"13552ba\" data-element_type=\"container\">\n\t\t\t\t\t<div class=\"e-con-inner\">\n\t\t\t\t<div class=\"elementor-element elementor-element-dd0be5c elementor-widget elementor-widget-heading\" data-id=\"dd0be5c\" data-element_type=\"widget\" data-widget_type=\"heading.default\">\n\t\t\t\t<div class=\"elementor-widget-container\">\n\t\t\t\t\t<h1 class=\"elementor-heading-title elementor-size-default\">Victory 16<\/h1>\t\t\t\t<\/div>\n\t\t\t\t<\/div>\n\t\t<div class=\"elementor-element elementor-element-3f87c5e e-flex e-con-boxed e-con e-child\" data-id=\"3f87c5e\" data-element_type=\"container\">\n\t\t\t\t\t<div class=\"e-con-inner\">\n\t\t<div class=\"elementor-element elementor-element-d55c8e6 e-flex e-con-boxed e-con e-child\" data-id=\"d55c8e6\" data-element_type=\"container\">\n\t\t\t\t\t<div class=\"e-con-inner\">\n\t\t\t\t<div class=\"elementor-element elementor-element-d8cbadf elementor-widget elementor-widget-text-editor\" data-id=\"d8cbadf\" data-element_type=\"widget\" data-widget_type=\"text-editor.default\">\n\t\t\t\t<div class=\"elementor-widget-container\">\n\t\t\t\t\t\t\t\t\t<p>&nbsp;<\/p>\n<table style=\"width: 100%;\">\n<thead>\n<tr style=\"background-color: #06274a; text-align: left;\">\n<td style=\"width: 10%;\">\n<h4 style=\"text-align: left;\">Specifications<\/h4>\n<\/td>\n<td style=\"width: 85%;\"><\/td>\n<\/tr>\n<\/thead>\n<tbody>\n<tr style=\"background-color: #f2f2f2; text-align: left;\">\n<td style=\"width: 10%;\">Dimensions<\/td>\n<td style=\"width: 85%;\">5.03 m x 2.08 m<\/td>\n<\/tr>\n<tr style=\"background-color: #f9f9f9; text-align: left;\">\n<td style=\"width: 10%;\">Poids<\/td>\n<td style=\"width: 85%;\">474 kg<\/td>\n<\/tr>\n<tr style=\"background-color: #f2f2f2; text-align: left;\">\n<td style=\"width: 10%;\">Motorisation max.<\/td>\n<td style=\"width: 85%;\">90 PS<\/td>\n<\/tr>\n<tr style=\"background-color: #f9f9f9; text-align: left;\">\n<td style=\"width: 10%;\">Personnes<\/td>\n<td style=\"width: 85%;\">5<\/td>\n<\/tr>\n<tr style=\"background-color: #f2f2f2; text-align: left;\">\n<td style=\"width: 10%;\">Capacit\u00e9 en carburant<\/td>\n<td style=\"width: 85%;\">41 L<\/td>\n<\/tr>\n<\/tbody>\n<\/table>\n<p>&nbsp;<\/p>\n\t\t\t\t\t\t\t\t<\/div>\n\t\t\t\t<\/div>\n\t\t\t\t\t<\/div>\n\t\t\t\t<\/div>\n\t\t<div class=\"elementor-element elementor-element-fc6b603 e-flex e-con-boxed e-con e-child\" data-id=\"fc6b603\" data-element_type=\"container\">\n\t\t\t\t\t<div class=\"e-con-inner\">\n\t\t\t\t<div class=\"elementor-element elementor-element-c7fee5e elementor-widget elementor-widget-image\" data-id=\"c7fee5e\" data-element_type=\"widget\" data-widget_type=\"image.default\">\n\t\t\t\t<div class=\"elementor-widget-container\">\n\t\t\t\t\t\t\t\t\t\t\t\t\t\t\t<img decoding=\"async\" width=\"259\" height=\"116\" src=\"https:\/\/staging.wilke-marine.com\/wp-content\/uploads\/2023\/11\/16_victory_dcfloorplan.png\" class=\"attachment-full size-full wp-image-1747\" alt=\"\" \/>\t\t\t\t\t\t\t\t\t\t\t\t\t\t\t<\/div>\n\t\t\t\t<\/div>\n\t\t\t\t\t<\/div>\n\t\t\t\t<\/div>\n\t\t\t\t\t<\/div>\n\t\t\t\t<\/div>\n\t\t\t\t\t<\/div>\n\t\t\t\t<\/div>\n\t\t<div class=\"elementor-element elementor-element-a2a2d43 e-flex e-con-boxed e-con e-parent\" data-id=\"a2a2d43\" data-element_type=\"container\">\n\t\t\t\t\t<div class=\"e-con-inner\">\n\t\t\t\t<div class=\"elementor-element elementor-element-856b893 elementor-widget elementor-widget-heading\" data-id=\"856b893\" data-element_type=\"widget\" data-widget_type=\"heading.default\">\n\t\t\t\t<div class=\"elementor-widget-container\">\n\t\t\t\t\t<h2 class=\"elementor-heading-title elementor-size-default\">Caract\u00e9ristiques standard<\/h2>\t\t\t\t<\/div>\n\t\t\t\t<\/div>\n\t\t<div class=\"elementor-element elementor-element-34a0577 e-flex e-con-boxed e-con e-child\" data-id=\"34a0577\" data-element_type=\"container\">\n\t\t\t\t\t<div class=\"e-con-inner\">\n\t\t<div class=\"elementor-element elementor-element-7542751 e-flex e-con-boxed e-con e-child\" data-id=\"7542751\" data-element_type=\"container\">\n\t\t\t\t\t<div class=\"e-con-inner\">\n\t\t\t\t<div class=\"elementor-element elementor-element-99873db elementor-widget elementor-widget-heading\" data-id=\"99873db\" data-element_type=\"widget\" data-widget_type=\"heading.default\">\n\t\t\t\t<div class=\"elementor-widget-container\">\n\t\t\t\t\t<h4 class=\"elementor-heading-title elementor-size-default\">Si\u00e8ges<\/h4>\t\t\t\t<\/div>\n\t\t\t\t<\/div>\n\t\t\t\t<div class=\"elementor-element elementor-element-de2cade elementor-widget elementor-widget-text-editor\" data-id=\"de2cade\" data-element_type=\"widget\" data-widget_type=\"text-editor.default\">\n\t\t\t\t<div class=\"elementor-widget-container\">\n\t\t\t\t\t\t\t\t\t<ul>\n<li>2 si\u00e8ges de p\u00eache deluxe<\/li>\n<\/ul>\n\t\t\t\t\t\t\t\t<\/div>\n\t\t\t\t<\/div>\n\t\t\t\t<div class=\"elementor-element elementor-element-28fa7c1 elementor-widget elementor-widget-heading\" data-id=\"28fa7c1\" data-element_type=\"widget\" data-widget_type=\"heading.default\">\n\t\t\t\t<div class=\"elementor-widget-container\">\n\t\t\t\t\t<h4 class=\"elementor-heading-title elementor-size-default\">Accessoires<\/h4>\t\t\t\t<\/div>\n\t\t\t\t<\/div>\n\t\t\t\t<div class=\"elementor-element elementor-element-374a51a elementor-widget elementor-widget-text-editor\" data-id=\"374a51a\" data-element_type=\"widget\" data-widget_type=\"text-editor.default\">\n\t\t\t\t<div class=\"elementor-widget-container\">\n\t\t\t\t\t\t\t\t\t<li>Syst\u00e8me de remorquage pour les sports nautiques<\/li>\n<li>Pompe \u00e0 eau de cale automatique<\/li>\n<li>R\u00e9servoir de carburant int\u00e9gr\u00e9<\/li>\n<li>Prise pour moteur de remorquage<\/li>\n<li>Feux de navigation<\/li>\n<li>Crochet d&#8217;amarrage<\/li>\n<\/ul>\n\t\t\t\t\t\t\t\t<\/div>\n\t\t\t\t<\/div>\n\t\t\t\t<div class=\"elementor-element elementor-element-6a8aa0d elementor-widget elementor-widget-heading\" data-id=\"6a8aa0d\" data-element_type=\"widget\" data-widget_type=\"heading.default\">\n\t\t\t\t<div class=\"elementor-widget-container\">\n\t\t\t\t\t<h4 class=\"elementor-heading-title elementor-size-default\">Construction de la coque<\/h4>\t\t\t\t<\/div>\n\t\t\t\t<\/div>\n\t\t\t\t<div class=\"elementor-element elementor-element-8259236 elementor-widget elementor-widget-text-editor\" data-id=\"8259236\" data-element_type=\"widget\" data-widget_type=\"text-editor.default\">\n\t\t\t\t<div class=\"elementor-widget-container\">\n\t\t\t\t\t\t\t\t\t<ul>\n<li>Coque en aluminium renforc\u00e9e<\/li>\n<li>Cuve de pulv\u00e9risation arri\u00e8re<\/li>\n<li>Vinyl Cockpit<\/li>\n<li>\u00be&#8221; Planchers en bois de pylyle \u00e0 7 couches et plates-formes de lancer<\/li>\n<li>Remplissage de mousse inject\u00e9e<\/li>\n<\/ul>\n\t\t\t\t\t\t\t\t<\/div>\n\t\t\t\t<\/div>\n\t\t\t\t\t<\/div>\n\t\t\t\t<\/div>\n\t\t<div class=\"elementor-element elementor-element-106ee24 e-flex e-con-boxed e-con e-child\" data-id=\"106ee24\" data-element_type=\"container\">\n\t\t\t\t\t<div class=\"e-con-inner\">\n\t\t\t\t<div class=\"elementor-element elementor-element-2f2e928 elementor-widget elementor-widget-heading\" data-id=\"2f2e928\" data-element_type=\"widget\" data-widget_type=\"heading.default\">\n\t\t\t\t<div class=\"elementor-widget-container\">\n\t\t\t\t\t<h4 class=\"elementor-heading-title elementor-size-default\">Bo\u00eete \u00e0 app\u00e2ts vivants<\/h4>\t\t\t\t<\/div>\n\t\t\t\t<\/div>\n\t\t\t\t<div class=\"elementor-element elementor-element-d1416c2 elementor-widget elementor-widget-text-editor\" data-id=\"d1416c2\" data-element_type=\"widget\" data-widget_type=\"text-editor.default\">\n\t\t\t\t<div class=\"elementor-widget-container\">\n\t\t\t\t\t\t\t\t\t<ul>\n<li>Conteneur d&#8217;app\u00e2ts int\u00e9gr\u00e9<\/li>\n<li>R\u00e9servoir ventil\u00e9 114 L<\/li>\n<\/ul>\n\t\t\t\t\t\t\t\t<\/div>\n\t\t\t\t<\/div>\n\t\t\t\t<div class=\"elementor-element elementor-element-f9826a6 elementor-widget elementor-widget-heading\" data-id=\"f9826a6\" data-element_type=\"widget\" data-widget_type=\"heading.default\">\n\t\t\t\t<div class=\"elementor-widget-container\">\n\t\t\t\t\t<h4 class=\"elementor-heading-title elementor-size-default\">Konsole<\/h4>\t\t\t\t<\/div>\n\t\t\t\t<\/div>\n\t\t\t\t<div class=\"elementor-element elementor-element-5966dba elementor-widget elementor-widget-text-editor\" data-id=\"5966dba\" data-element_type=\"widget\" data-widget_type=\"text-editor.default\">\n\t\t\t\t<div class=\"elementor-widget-container\">\n\t\t\t\t\t\t\t\t\t<ul>\n<li>St\u00e9r\u00e9o Jensen MS3A avec Bluetooth<\/li>\n<li>Disjoncteurs (fusibles)<\/li>\n<li>Interrupteurs \u00e9clair\u00e9s<\/li>\n<li>Raccords chrom\u00e9s<\/li>\n<\/ul>\n\t\t\t\t\t\t\t\t<\/div>\n\t\t\t\t<\/div>\n\t\t\t\t<div class=\"elementor-element elementor-element-e5c5866 elementor-widget elementor-widget-heading\" data-id=\"e5c5866\" data-element_type=\"widget\" data-widget_type=\"heading.default\">\n\t\t\t\t<div class=\"elementor-widget-container\">\n\t\t\t\t\t<h4 class=\"elementor-heading-title elementor-size-default\">Le pont et les espaces de rangement<\/h4>\t\t\t\t<\/div>\n\t\t\t\t<\/div>\n\t\t\t\t<div class=\"elementor-element elementor-element-4ce025b elementor-widget elementor-widget-text-editor\" data-id=\"4ce025b\" data-element_type=\"widget\" data-widget_type=\"text-editor.default\">\n\t\t\t\t<div class=\"elementor-widget-container\">\n\t\t\t\t\t\t\t\t\t<ul>\n<li>R\u00e9servoirs \u00e0 cannes verrouillables<\/li>\n<li>Grande plateforme de lancer<\/li>\n<li>Batterie arri\u00e8re &#8211; espace de rangement<\/li>\n<li>Verrous de blocage<\/li>\n<\/ul>\n\t\t\t\t\t\t\t\t<\/div>\n\t\t\t\t<\/div>\n\t\t\t\t\t<\/div>\n\t\t\t\t<\/div>\n\t\t\t\t\t<\/div>\n\t\t\t\t<\/div>\n\t\t\t\t\t<\/div>\n\t\t\t\t<\/div>\n\t\t<div class=\"elementor-element elementor-element-50fb111 e-flex e-con-boxed e-con e-parent\" data-id=\"50fb111\" data-element_type=\"container\">\n\t\t\t\t\t<div class=\"e-con-inner\">\n\t\t\t\t<div class=\"elementor-element elementor-element-4526330 elementor-align-center elementor-widget elementor-widget-button\" data-id=\"4526330\" data-element_type=\"widget\" data-widget_type=\"button.default\">\n\t\t\t\t<div class=\"elementor-widget-container\">\n\t\t\t\t\t\t\t\t\t<div class=\"elementor-button-wrapper\">\n\t\t\t\t\t<a class=\"elementor-button elementor-button-link elementor-size-sm\" href=\"https:\/\/staging.wilke-marine.com\/fr\/contact\/\">\n\t\t\t\t\t\t<span class=\"elementor-button-content-wrapper\">\n\t\t\t\t\t\t\t\t\t<span class=\"elementor-button-text\">Prenez contact avec nous<\/span>\n\t\t\t\t\t<\/span>\n\t\t\t\t\t<\/a>\n\t\t\t\t<\/div>\n\t\t\t\t\t\t\t\t<\/div>\n\t\t\t\t<\/div>\n\t\t\t\t\t<\/div>\n\t\t\t\t<\/div>\n\t\t\t\t<\/div>\n\t\t","protected":false},"excerpt":{"rendered":"<p>Victory 16 &nbsp; Specifications Dimensions 5.03 m x 2.08 m Poids 474 kg Motorisation max. 90 PS Personnes 5 Capacit\u00e9 en carburant 41 L &nbsp; Caract\u00e9ristiques standard Si\u00e8ges 2 si\u00e8ges de p\u00eache deluxe Accessoires Syst\u00e8me de remorquage pour les sports nautiques Pompe \u00e0 eau de cale automatique R\u00e9servoir de carburant int\u00e9gr\u00e9 Prise pour moteur de [&hellip;]<\/p>\n","protected":false},"author":1,"featured_media":0,"parent":0,"menu_order":0,"comment_status":"closed","ping_status":"closed","template":"","meta":{"footnotes":""},"class_list":["post-1987","page","type-page","status-publish","hentry"],"_links":{"self":[{"href":"https:\/\/staging.wilke-marine.com\/fr\/wp-json\/wp\/v2\/pages\/1987","targetHints":{"allow":["GET"]}}],"collection":[{"href":"https:\/\/staging.wilke-marine.com\/fr\/wp-json\/wp\/v2\/pages"}],"about":[{"href":"https:\/\/staging.wilke-marine.com\/fr\/wp-json\/wp\/v2\/types\/page"}],"author":[{"embeddable":true,"href":"https:\/\/staging.wilke-marine.com\/fr\/wp-json\/wp\/v2\/users\/1"}],"replies":[{"embeddable":true,"href":"https:\/\/staging.wilke-marine.com\/fr\/wp-json\/wp\/v2\/comments?post=1987"}],"version-history":[{"count":5,"href":"https:\/\/staging.wilke-marine.com\/fr\/wp-json\/wp\/v2\/pages\/1987\/revisions"}],"predecessor-version":[{"id":2258,"href":"https:\/\/staging.wilke-marine.com\/fr\/wp-json\/wp\/v2\/pages\/1987\/revisions\/2258"}],"wp:attachment":[{"href":"https:\/\/staging.wilke-marine.com\/fr\/wp-json\/wp\/v2\/media?parent=1987"}],"curies":[{"name":"wp","href":"https:\/\/api.w.org\/{rel}","templated":true}]}}