{"id":1977,"date":"2023-11-29T18:19:53","date_gmt":"2023-11-29T18:19:53","guid":{"rendered":"https:\/\/staging.wilke-marine.com\/starweld-spark-16-dc\/"},"modified":"2023-12-15T09:50:06","modified_gmt":"2023-12-15T09:50:06","slug":"starweld-spark-16-dc","status":"publish","type":"page","link":"https:\/\/staging.wilke-marine.com\/fr\/starweld-spark-16-dc\/","title":{"rendered":"Starweld Spark 16 DC"},"content":{"rendered":"\t\t<div data-elementor-type=\"wp-page\" data-elementor-id=\"1977\" class=\"elementor elementor-1977 elementor-1066\" data-elementor-post-type=\"page\">\n\t\t\t\t<div class=\"elementor-element elementor-element-a1e9f73 e-flex e-con-boxed e-con e-parent\" data-id=\"a1e9f73\" data-element_type=\"container\" data-settings=\"{&quot;background_background&quot;:&quot;classic&quot;}\">\n\t\t\t\t\t<div class=\"e-con-inner\">\n\t\t\t\t\t<\/div>\n\t\t\t\t<\/div>\n\t\t<div class=\"elementor-element elementor-element-13552ba e-flex e-con-boxed e-con e-parent\" data-id=\"13552ba\" data-element_type=\"container\">\n\t\t\t\t\t<div class=\"e-con-inner\">\n\t\t\t\t<div class=\"elementor-element elementor-element-dd0be5c elementor-widget elementor-widget-heading\" data-id=\"dd0be5c\" data-element_type=\"widget\" data-widget_type=\"heading.default\">\n\t\t\t\t<div class=\"elementor-widget-container\">\n\t\t\t\t\t<h1 class=\"elementor-heading-title elementor-size-default\">Spark 16 DC<\/h1>\t\t\t\t<\/div>\n\t\t\t\t<\/div>\n\t\t<div class=\"elementor-element elementor-element-3f87c5e e-flex e-con-boxed e-con e-child\" data-id=\"3f87c5e\" data-element_type=\"container\">\n\t\t\t\t\t<div class=\"e-con-inner\">\n\t\t<div class=\"elementor-element elementor-element-d55c8e6 e-flex e-con-boxed e-con e-child\" data-id=\"d55c8e6\" data-element_type=\"container\">\n\t\t\t\t\t<div class=\"e-con-inner\">\n\t\t\t\t<div class=\"elementor-element elementor-element-d8cbadf elementor-widget elementor-widget-text-editor\" data-id=\"d8cbadf\" data-element_type=\"widget\" data-widget_type=\"text-editor.default\">\n\t\t\t\t<div class=\"elementor-widget-container\">\n\t\t\t\t\t\t\t\t\t<table style=\"width: 100%;\">\n<thead>\n<tr style=\"background-color: #06274a; text-align: left;\">\n<td style=\"width: 10%;\">\n<h4 style=\"text-align: left;\">Specifications<\/h4>\n<\/td>\n<td style=\"width: 85%;\"><\/td>\n<\/tr>\n<\/thead>\n<tbody>\n<tr style=\"background-color: #f2f2f2; text-align: left;\">\n<td style=\"width: 10%;\">Dimensions<\/td>\n<td style=\"width: 85%;\">5.03 m x 2.08 m<\/td>\n<\/tr>\n<tr style=\"background-color: #f9f9f9; text-align: left;\">\n<td style=\"width: 10%;\">Poids<\/td>\n<td style=\"width: 85%;\">451 kg<\/td>\n<\/tr>\n<tr style=\"background-color: #f2f2f2; text-align: left;\">\n<td style=\"width: 10%;\">Motorisation max.<\/td>\n<td style=\"width: 85%;\">90 PS<\/td>\n<\/tr>\n<tr style=\"background-color: #f9f9f9; text-align: left;\">\n<td style=\"width: 10%;\">Nombre personnes max.<\/td>\n<td style=\"width: 85%;\">6<\/td>\n<\/tr>\n<tr style=\"background-color: #f2f2f2; text-align: left;\">\n<td style=\"width: 10%;\">Capacit\u00e9 en carburant<\/td>\n<td style=\"width: 85%;\">R\u00e9servoir portable<\/td>\n<\/tr>\n<\/tbody>\n<\/table>\n<p>&nbsp;<\/p>\n\t\t\t\t\t\t\t\t<\/div>\n\t\t\t\t<\/div>\n\t\t\t\t\t<\/div>\n\t\t\t\t<\/div>\n\t\t<div class=\"elementor-element elementor-element-fc6b603 e-flex e-con-boxed e-con e-child\" data-id=\"fc6b603\" data-element_type=\"container\">\n\t\t\t\t\t<div class=\"e-con-inner\">\n\t\t\t\t<div class=\"elementor-element elementor-element-c7fee5e elementor-widget elementor-widget-image\" data-id=\"c7fee5e\" data-element_type=\"widget\" data-widget_type=\"image.default\">\n\t\t\t\t<div class=\"elementor-widget-container\">\n\t\t\t\t\t\t\t\t\t\t\t\t\t\t\t<img decoding=\"async\" width=\"270\" height=\"173\" src=\"https:\/\/staging.wilke-marine.com\/wp-content\/uploads\/2023\/11\/16_spark_dc-1-1.png\" class=\"attachment-full size-full wp-image-1741\" alt=\"\" \/>\t\t\t\t\t\t\t\t\t\t\t\t\t\t\t<\/div>\n\t\t\t\t<\/div>\n\t\t\t\t\t<\/div>\n\t\t\t\t<\/div>\n\t\t\t\t\t<\/div>\n\t\t\t\t<\/div>\n\t\t\t\t\t<\/div>\n\t\t\t\t<\/div>\n\t\t<div class=\"elementor-element elementor-element-a2a2d43 e-flex e-con-boxed e-con e-parent\" data-id=\"a2a2d43\" data-element_type=\"container\">\n\t\t\t\t\t<div class=\"e-con-inner\">\n\t\t\t\t<div class=\"elementor-element elementor-element-856b893 elementor-widget elementor-widget-heading\" data-id=\"856b893\" data-element_type=\"widget\" data-widget_type=\"heading.default\">\n\t\t\t\t<div class=\"elementor-widget-container\">\n\t\t\t\t\t<h2 class=\"elementor-heading-title elementor-size-default\">Options standart<\/h2>\t\t\t\t<\/div>\n\t\t\t\t<\/div>\n\t\t<div class=\"elementor-element elementor-element-34a0577 e-flex e-con-boxed e-con e-child\" data-id=\"34a0577\" data-element_type=\"container\">\n\t\t\t\t\t<div class=\"e-con-inner\">\n\t\t<div class=\"elementor-element elementor-element-7542751 e-flex e-con-boxed e-con e-child\" data-id=\"7542751\" data-element_type=\"container\">\n\t\t\t\t\t<div class=\"e-con-inner\">\n\t\t\t\t<div class=\"elementor-element elementor-element-99873db elementor-widget elementor-widget-heading\" data-id=\"99873db\" data-element_type=\"widget\" data-widget_type=\"heading.default\">\n\t\t\t\t<div class=\"elementor-widget-container\">\n\t\t\t\t\t<h4 class=\"elementor-heading-title elementor-size-default\">Si\u00e8ges<\/h4>\t\t\t\t<\/div>\n\t\t\t\t<\/div>\n\t\t\t\t<div class=\"elementor-element elementor-element-de2cade elementor-widget elementor-widget-text-editor\" data-id=\"de2cade\" data-element_type=\"widget\" data-widget_type=\"text-editor.default\">\n\t\t\t\t<div class=\"elementor-widget-container\">\n\t\t\t\t\t\t\t\t\t<ul>\n<li>2 si\u00e8ges de p\u00eacheur de luxe<\/li>\n<\/ul>\n\t\t\t\t\t\t\t\t<\/div>\n\t\t\t\t<\/div>\n\t\t\t\t<div class=\"elementor-element elementor-element-28fa7c1 elementor-widget elementor-widget-heading\" data-id=\"28fa7c1\" data-element_type=\"widget\" data-widget_type=\"heading.default\">\n\t\t\t\t<div class=\"elementor-widget-container\">\n\t\t\t\t\t<h4 class=\"elementor-heading-title elementor-size-default\">Accessoires<\/h4>\t\t\t\t<\/div>\n\t\t\t\t<\/div>\n\t\t\t\t<div class=\"elementor-element elementor-element-374a51a elementor-widget elementor-widget-text-editor\" data-id=\"374a51a\" data-element_type=\"widget\" data-widget_type=\"text-editor.default\">\n\t\t\t\t<div class=\"elementor-widget-container\">\n\t\t\t\t\t\t\t\t\t<ul>\n<li>Pompe \u00e0 eau \u00e0 fuite automatique<\/li>\n<li>R\u00e9servoir de carburant int\u00e9gr\u00e9<\/li>\n<li>Connexion au moteur du tracteur<\/li>\n<li>Feux de navigation<\/li>\n<li>Taguets<\/li>\n<\/ul>\n\t\t\t\t\t\t\t\t<\/div>\n\t\t\t\t<\/div>\n\t\t\t\t<div class=\"elementor-element elementor-element-6a8aa0d elementor-widget elementor-widget-heading\" data-id=\"6a8aa0d\" data-element_type=\"widget\" data-widget_type=\"heading.default\">\n\t\t\t\t<div class=\"elementor-widget-container\">\n\t\t\t\t\t<h4 class=\"elementor-heading-title elementor-size-default\">Construction de coque<\/h4>\t\t\t\t<\/div>\n\t\t\t\t<\/div>\n\t\t\t\t<div class=\"elementor-element elementor-element-8259236 elementor-widget elementor-widget-text-editor\" data-id=\"8259236\" data-element_type=\"widget\" data-widget_type=\"text-editor.default\">\n\t\t\t\t<div class=\"elementor-widget-container\">\n\t\t\t\t\t\t\t\t\t<ul>\n<li>Coque en aluminium renforc\u00e9e<\/li>\n<li>Cuve de pulv\u00e9risation arri\u00e8re<\/li>\n<li>Vinyl Cockpit<\/li>\n<li>\u00be&#8221; Planchers en bois de pylyle \u00e0 7 couches et plates-formes de lancer<\/li>\n<li>Remplissage de mousse inject\u00e9e<\/li>\n<\/ul>\n\t\t\t\t\t\t\t\t<\/div>\n\t\t\t\t<\/div>\n\t\t\t\t\t<\/div>\n\t\t\t\t<\/div>\n\t\t<div class=\"elementor-element elementor-element-106ee24 e-flex e-con-boxed e-con e-child\" data-id=\"106ee24\" data-element_type=\"container\">\n\t\t\t\t\t<div class=\"e-con-inner\">\n\t\t\t\t<div class=\"elementor-element elementor-element-2f2e928 elementor-widget elementor-widget-heading\" data-id=\"2f2e928\" data-element_type=\"widget\" data-widget_type=\"heading.default\">\n\t\t\t\t<div class=\"elementor-widget-container\">\n\t\t\t\t\t<h4 class=\"elementor-heading-title elementor-size-default\">Bo\u00eete \u00e0 app\u00e2ts vivants<\/h4>\t\t\t\t<\/div>\n\t\t\t\t<\/div>\n\t\t\t\t<div class=\"elementor-element elementor-element-d1416c2 elementor-widget elementor-widget-text-editor\" data-id=\"d1416c2\" data-element_type=\"widget\" data-widget_type=\"text-editor.default\">\n\t\t\t\t<div class=\"elementor-widget-container\">\n\t\t\t\t\t\t\t\t\t<ul>\n<li>Conteneur d&#8217;app\u00e2ts int\u00e9gr\u00e9<\/li>\n<li>R\u00e9servoir ventil\u00e9 114 L<\/li>\n<\/ul>\n\t\t\t\t\t\t\t\t<\/div>\n\t\t\t\t<\/div>\n\t\t\t\t<div class=\"elementor-element elementor-element-f9826a6 elementor-widget elementor-widget-heading\" data-id=\"f9826a6\" data-element_type=\"widget\" data-widget_type=\"heading.default\">\n\t\t\t\t<div class=\"elementor-widget-container\">\n\t\t\t\t\t<h4 class=\"elementor-heading-title elementor-size-default\">Console<\/h4>\t\t\t\t<\/div>\n\t\t\t\t<\/div>\n\t\t\t\t<div class=\"elementor-element elementor-element-5966dba elementor-widget elementor-widget-text-editor\" data-id=\"5966dba\" data-element_type=\"widget\" data-widget_type=\"text-editor.default\">\n\t\t\t\t<div class=\"elementor-widget-container\">\n\t\t\t\t\t\t\t\t\t<ul>\n<li>disjoncteur (fusibles)<\/li>\n<li>Interrupteurs \u00e9clair\u00e9s<\/li>\n<li>Ferrures accentu\u00e9es en chrome<\/li>\n<\/ul>\n\t\t\t\t\t\t\t\t<\/div>\n\t\t\t\t<\/div>\n\t\t\t\t<div class=\"elementor-element elementor-element-e5c5866 elementor-widget elementor-widget-heading\" data-id=\"e5c5866\" data-element_type=\"widget\" data-widget_type=\"heading.default\">\n\t\t\t\t<div class=\"elementor-widget-container\">\n\t\t\t\t\t<h4 class=\"elementor-heading-title elementor-size-default\">Pont et espace de stockage<\/h4>\t\t\t\t<\/div>\n\t\t\t\t<\/div>\n\t\t\t\t<div class=\"elementor-element elementor-element-4ce025b elementor-widget elementor-widget-text-editor\" data-id=\"4ce025b\" data-element_type=\"widget\" data-widget_type=\"text-editor.default\">\n\t\t\t\t<div class=\"elementor-widget-container\">\n\t\t\t\t\t\t\t\t\t<ul>\n<li>Conteneurs \u00e0 barres verrouillables<\/li>\n<li>Plate-forme de lancement arri\u00e8re avec support de si\u00e8ge<\/li>\n<li>Batterie arri\u00e8re &#8211; Espace de stockage<\/li>\n<li>Verrouillage des serrures<\/li>\n<\/ul>\n\t\t\t\t\t\t\t\t<\/div>\n\t\t\t\t<\/div>\n\t\t\t\t\t<\/div>\n\t\t\t\t<\/div>\n\t\t\t\t\t<\/div>\n\t\t\t\t<\/div>\n\t\t\t\t\t<\/div>\n\t\t\t\t<\/div>\n\t\t<div class=\"elementor-element elementor-element-50fb111 e-flex e-con-boxed e-con e-parent\" data-id=\"50fb111\" data-element_type=\"container\">\n\t\t\t\t\t<div class=\"e-con-inner\">\n\t\t\t\t<div class=\"elementor-element elementor-element-4526330 elementor-align-center elementor-widget elementor-widget-button\" data-id=\"4526330\" data-element_type=\"widget\" data-widget_type=\"button.default\">\n\t\t\t\t<div class=\"elementor-widget-container\">\n\t\t\t\t\t\t\t\t\t<div class=\"elementor-button-wrapper\">\n\t\t\t\t\t<a class=\"elementor-button elementor-button-link elementor-size-sm\" href=\"https:\/\/staging.wilke-marine.com\/fr\/contact\/\">\n\t\t\t\t\t\t<span class=\"elementor-button-content-wrapper\">\n\t\t\t\t\t\t\t\t\t<span class=\"elementor-button-text\">Prenez contact avec nous<\/span>\n\t\t\t\t\t<\/span>\n\t\t\t\t\t<\/a>\n\t\t\t\t<\/div>\n\t\t\t\t\t\t\t\t<\/div>\n\t\t\t\t<\/div>\n\t\t\t\t\t<\/div>\n\t\t\t\t<\/div>\n\t\t\t\t<\/div>\n\t\t","protected":false},"excerpt":{"rendered":"<p>Spark 16 DC Specifications Dimensions 5.03 m x 2.08 m Poids 451 kg Motorisation max. 90 PS Nombre personnes max. 6 Capacit\u00e9 en carburant R\u00e9servoir portable &nbsp; Options standart Si\u00e8ges 2 si\u00e8ges de p\u00eacheur de luxe Accessoires Pompe \u00e0 eau \u00e0 fuite automatique R\u00e9servoir de carburant int\u00e9gr\u00e9 Connexion au moteur du tracteur Feux de navigation [&hellip;]<\/p>\n","protected":false},"author":1,"featured_media":0,"parent":0,"menu_order":0,"comment_status":"closed","ping_status":"closed","template":"","meta":{"footnotes":""},"class_list":["post-1977","page","type-page","status-publish","hentry"],"_links":{"self":[{"href":"https:\/\/staging.wilke-marine.com\/fr\/wp-json\/wp\/v2\/pages\/1977","targetHints":{"allow":["GET"]}}],"collection":[{"href":"https:\/\/staging.wilke-marine.com\/fr\/wp-json\/wp\/v2\/pages"}],"about":[{"href":"https:\/\/staging.wilke-marine.com\/fr\/wp-json\/wp\/v2\/types\/page"}],"author":[{"embeddable":true,"href":"https:\/\/staging.wilke-marine.com\/fr\/wp-json\/wp\/v2\/users\/1"}],"replies":[{"embeddable":true,"href":"https:\/\/staging.wilke-marine.com\/fr\/wp-json\/wp\/v2\/comments?post=1977"}],"version-history":[{"count":5,"href":"https:\/\/staging.wilke-marine.com\/fr\/wp-json\/wp\/v2\/pages\/1977\/revisions"}],"predecessor-version":[{"id":2267,"href":"https:\/\/staging.wilke-marine.com\/fr\/wp-json\/wp\/v2\/pages\/1977\/revisions\/2267"}],"wp:attachment":[{"href":"https:\/\/staging.wilke-marine.com\/fr\/wp-json\/wp\/v2\/media?parent=1977"}],"curies":[{"name":"wp","href":"https:\/\/api.w.org\/{rel}","templated":true}]}}