{"id":1927,"date":"2023-11-28T17:44:47","date_gmt":"2023-11-28T17:44:47","guid":{"rendered":"https:\/\/staging.wilke-marine.com\/edgewater-heritage\/"},"modified":"2023-12-09T11:50:32","modified_gmt":"2023-12-09T11:50:32","slug":"edgewater-heritage","status":"publish","type":"page","link":"https:\/\/staging.wilke-marine.com\/fr\/edgewater-heritage\/","title":{"rendered":"Edgewater Heritage"},"content":{"rendered":"\t\t<div data-elementor-type=\"wp-page\" data-elementor-id=\"1927\" class=\"elementor elementor-1927 elementor-856\" data-elementor-post-type=\"page\">\n\t\t\t\t<div class=\"elementor-element elementor-element-abff353 e-flex e-con-boxed e-con e-parent\" data-id=\"abff353\" data-element_type=\"container\">\n\t\t\t\t\t<div class=\"e-con-inner\">\n\t\t\t\t<div class=\"elementor-element elementor-element-aa2875e elementor-widget elementor-widget-heading\" data-id=\"aa2875e\" data-element_type=\"widget\" data-widget_type=\"heading.default\">\n\t\t\t\t<div class=\"elementor-widget-container\">\n\t\t\t\t\t<h1 class=\"elementor-heading-title elementor-size-default\">Edgewater Heritage<\/h1>\t\t\t\t<\/div>\n\t\t\t\t<\/div>\n\t\t\t\t<div class=\"elementor-element elementor-element-a52ccd4 elementor-widget elementor-widget-text-editor\" data-id=\"a52ccd4\" data-element_type=\"widget\" data-widget_type=\"text-editor.default\">\n\t\t\t\t<div class=\"elementor-widget-container\">\n\t\t\t\t\t\t\t\t\t<p>Que vous conduisiez \u00e0 des kilom\u00e8tres de la c\u00f4te, dans le d\u00e9troit ou jusqu&#8217;\u00e0 ce petit banc de sable derri\u00e8re le prochain virage, l&#8217;exceptionnelle gamme EdgeWater Heritage Class \u00e9tablit une nouvelle norme.<\/p>\n<p>Combinez les coques profondes mais stables avec des performances sup\u00e9rieures, un design de pointe et une technologie innovante, et vous aurez peut-\u00eatre le seul bateau dont vous aurez jamais besoin.<\/p>\n<p>Durables, fiables, luxueuses, mais raisonnables et confortables dans toutes les situations, les mod\u00e8les Edwater Heritage vous offrent tout ce que vous voulez \u00e0 tous \u00e9gards.<\/p>\n<p><span style=\"color: #ff9900;\">Cliquez sur les photos pour plus d&#8217;informations.<\/span><\/p>\n\t\t\t\t\t\t\t\t<\/div>\n\t\t\t\t<\/div>\n\t\t\t\t\t<\/div>\n\t\t\t\t<\/div>\n\t\t<div class=\"elementor-element elementor-element-617d757 e-flex e-con-boxed e-con e-parent\" data-id=\"617d757\" data-element_type=\"container\">\n\t\t\t\t\t<div class=\"e-con-inner\">\n\t\t<div class=\"elementor-element elementor-element-a7134f7 e-flex e-con-boxed e-con e-child\" data-id=\"a7134f7\" data-element_type=\"container\" data-settings=\"{&quot;background_background&quot;:&quot;classic&quot;}\">\n\t\t\t\t\t<div class=\"e-con-inner\">\n\t\t<div class=\"elementor-element elementor-element-e6bd164 e-flex e-con-boxed e-con e-child\" data-id=\"e6bd164\" data-element_type=\"container\">\n\t\t\t\t\t<div class=\"e-con-inner\">\n\t\t\t\t<div class=\"elementor-element elementor-element-3ab9c6f elementor-cta--valign-middle elementor-cta--skin-classic elementor-animated-content elementor-bg-transform elementor-bg-transform-zoom-in elementor-widget elementor-widget-call-to-action\" data-id=\"3ab9c6f\" data-element_type=\"widget\" data-widget_type=\"call-to-action.default\">\n\t\t\t\t<div class=\"elementor-widget-container\">\n\t\t\t\t\t\t\t<a class=\"elementor-cta\" href=\"https:\/\/ewboats.com\/heritage\/158cs\/\">\n\t\t\t\t\t\t\t<div class=\"elementor-cta__content\">\n\t\t\t\t\t\t\t\t\t<div class=\"elementor-content-item elementor-cta__content-item elementor-cta__image\">\n\t\t\t\t\t\t<img fetchpriority=\"high\" decoding=\"async\" width=\"768\" height=\"512\" src=\"https:\/\/staging.wilke-marine.com\/wp-content\/uploads\/2023\/11\/edgewater-158cs-1-768x512-1.jpg\" class=\"attachment-full size-full wp-image-1675\" alt=\"\" srcset=\"https:\/\/staging.wilke-marine.com\/wp-content\/uploads\/2023\/11\/edgewater-158cs-1-768x512-1.jpg 768w, https:\/\/staging.wilke-marine.com\/wp-content\/uploads\/2023\/11\/edgewater-158cs-1-768x512-1-300x200.jpg 300w\" sizes=\"(max-width: 768px) 100vw, 768px\" \/>\t\t\t\t\t<\/div>\n\t\t\t\t\n\t\t\t\t\t\t\t\t\t<h3 class=\"elementor-cta__title elementor-cta__content-item elementor-content-item\">\n\t\t\t\t\t\t158CS\t\t\t\t\t<\/h3>\n\t\t\t\t\n\t\t\t\t\t\t\t\t\t<div class=\"elementor-cta__description elementor-cta__content-item elementor-content-item\">\n\t\t\t\t\t\t<p>Le 158CS a \u00e9t\u00e9 con\u00e7u pour les escapades qui vont au-del\u00e0 du pont. La construction robuste et la coque en V profond donnent au bateau la sensation d'un bateau beaucoup plus grand. La polyvalente 158CS combine de nombreuses caract\u00e9ristiques dans un ensemble compact, y compris un cockpit fonctionnel, un vaste espace de rangement et la fiabilit\u00e9 de la Yamaha Power.<\/p>\n\t\t\t\t\t<\/div>\n\t\t\t\t\n\t\t\t\t\t\t\t<\/div>\n\t\t\t\t\t\t<\/a>\n\t\t\t\t\t\t<\/div>\n\t\t\t\t<\/div>\n\t\t\t\t\t<\/div>\n\t\t\t\t<\/div>\n\t\t<div class=\"elementor-element elementor-element-bbd218c e-flex e-con-boxed e-con e-child\" data-id=\"bbd218c\" data-element_type=\"container\">\n\t\t\t\t\t<div class=\"e-con-inner\">\n\t\t\t\t<div class=\"elementor-element elementor-element-a612ec4 elementor-cta--valign-middle elementor-cta--skin-classic elementor-animated-content elementor-bg-transform elementor-bg-transform-zoom-in elementor-widget elementor-widget-call-to-action\" data-id=\"a612ec4\" data-element_type=\"widget\" data-widget_type=\"call-to-action.default\">\n\t\t\t\t<div class=\"elementor-widget-container\">\n\t\t\t\t\t\t\t<a class=\"elementor-cta\" href=\"https:\/\/ewboats.com\/heritage\/170cc\/\">\n\t\t\t\t\t\t\t<div class=\"elementor-cta__content\">\n\t\t\t\t\t\t\t\t\t<div class=\"elementor-content-item elementor-cta__content-item elementor-cta__image\">\n\t\t\t\t\t\t<img decoding=\"async\" width=\"768\" height=\"512\" src=\"https:\/\/staging.wilke-marine.com\/wp-content\/uploads\/2023\/11\/edgewater-170cc-768x512-1.jpg\" class=\"attachment-full size-full wp-image-1676\" alt=\"\" srcset=\"https:\/\/staging.wilke-marine.com\/wp-content\/uploads\/2023\/11\/edgewater-170cc-768x512-1.jpg 768w, https:\/\/staging.wilke-marine.com\/wp-content\/uploads\/2023\/11\/edgewater-170cc-768x512-1-300x200.jpg 300w\" sizes=\"(max-width: 768px) 100vw, 768px\" \/>\t\t\t\t\t<\/div>\n\t\t\t\t\n\t\t\t\t\t\t\t\t\t<h3 class=\"elementor-cta__title elementor-cta__content-item elementor-content-item\">\n\t\t\t\t\t\t170CC\t\t\t\t\t<\/h3>\n\t\t\t\t\n\t\t\t\t\t\t\t\t\t<div class=\"elementor-cta__description elementor-cta__content-item elementor-content-item\">\n\t\t\t\t\t\t<p>Les mod\u00e8les 170CC sont de petits bateaux construits \u00e0 grande \u00e9chelle. Ce sont des bateaux \u00e0 console centrale enti\u00e8rement \u00e9quip\u00e9s que vous pouvez emmener n'importe o\u00f9. Ces bateaux vous offrent plus d'espace int\u00e9rieur, plus d'espace pour les invit\u00e9s, l'\u00e9quipement et le poisson. Assez puissant pour transporter six personnes, mais assez raisonnable pour une s\u00e9curit\u00e9 exceptionnelle.<\/p>\n\t\t\t\t\t<\/div>\n\t\t\t\t\n\t\t\t\t\t\t\t<\/div>\n\t\t\t\t\t\t<\/a>\n\t\t\t\t\t\t<\/div>\n\t\t\t\t<\/div>\n\t\t\t\t\t<\/div>\n\t\t\t\t<\/div>\n\t\t\t\t\t<\/div>\n\t\t\t\t<\/div>\n\t\t<div class=\"elementor-element elementor-element-d3d62c9 e-flex e-con-boxed e-con e-child\" data-id=\"d3d62c9\" data-element_type=\"container\" data-settings=\"{&quot;background_background&quot;:&quot;classic&quot;}\">\n\t\t\t\t\t<div class=\"e-con-inner\">\n\t\t<div class=\"elementor-element elementor-element-a689376 e-flex e-con-boxed e-con e-child\" data-id=\"a689376\" data-element_type=\"container\">\n\t\t\t\t\t<div class=\"e-con-inner\">\n\t\t\t\t<div class=\"elementor-element elementor-element-1e3398d elementor-cta--valign-middle elementor-cta--skin-classic elementor-animated-content elementor-bg-transform elementor-bg-transform-zoom-in elementor-widget elementor-widget-call-to-action\" data-id=\"1e3398d\" data-element_type=\"widget\" data-widget_type=\"call-to-action.default\">\n\t\t\t\t<div class=\"elementor-widget-container\">\n\t\t\t\t\t\t\t<a class=\"elementor-cta\" href=\"https:\/\/ewboats.com\/heritage\/188cc\/\">\n\t\t\t\t\t\t\t<div class=\"elementor-cta__content\">\n\t\t\t\t\t\t\t\t\t<div class=\"elementor-content-item elementor-cta__content-item elementor-cta__image\">\n\t\t\t\t\t\t<img decoding=\"async\" width=\"768\" height=\"512\" src=\"https:\/\/staging.wilke-marine.com\/wp-content\/uploads\/2023\/11\/edgewater-188cc-768x512-1.jpg\" class=\"attachment-full size-full wp-image-1677\" alt=\"\" srcset=\"https:\/\/staging.wilke-marine.com\/wp-content\/uploads\/2023\/11\/edgewater-188cc-768x512-1.jpg 768w, https:\/\/staging.wilke-marine.com\/wp-content\/uploads\/2023\/11\/edgewater-188cc-768x512-1-300x200.jpg 300w\" sizes=\"(max-width: 768px) 100vw, 768px\" \/>\t\t\t\t\t<\/div>\n\t\t\t\t\n\t\t\t\t\t\t\t\t\t<h3 class=\"elementor-cta__title elementor-cta__content-item elementor-content-item\">\n\t\t\t\t\t\t188CC\t\t\t\t\t<\/h3>\n\t\t\t\t\n\t\t\t\t\t\t\t\t\t<div class=\"elementor-cta__description elementor-cta__content-item elementor-content-item\">\n\t\t\t\t\t\t<p>Plus le temps est rude, plus vous appr\u00e9ciez la conduite d'un 188CC. Que vous preniez un bain avec vos amis ou que vous passiez la journ\u00e9e \u00e0 p\u00eacher, la coque EdgeWater 188CC Deep V vous offre la polyvalence et la confiance n\u00e9cessaires pour vous emmener partout.<\/p>\n\t\t\t\t\t<\/div>\n\t\t\t\t\n\t\t\t\t\t\t\t<\/div>\n\t\t\t\t\t\t<\/a>\n\t\t\t\t\t\t<\/div>\n\t\t\t\t<\/div>\n\t\t\t\t\t<\/div>\n\t\t\t\t<\/div>\n\t\t<div class=\"elementor-element elementor-element-4a798de e-flex e-con-boxed e-con e-child\" data-id=\"4a798de\" data-element_type=\"container\">\n\t\t\t\t\t<div class=\"e-con-inner\">\n\t\t\t\t<div class=\"elementor-element elementor-element-464fc82 elementor-cta--valign-middle elementor-cta--skin-classic elementor-animated-content elementor-bg-transform elementor-bg-transform-zoom-in elementor-widget elementor-widget-call-to-action\" data-id=\"464fc82\" data-element_type=\"widget\" data-widget_type=\"call-to-action.default\">\n\t\t\t\t<div class=\"elementor-widget-container\">\n\t\t\t\t\t\t\t<a class=\"elementor-cta\" href=\"https:\/\/ewboats.com\/heritage\/208cc\/\">\n\t\t\t\t\t\t\t<div class=\"elementor-cta__content\">\n\t\t\t\t\t\t\t\t\t<div class=\"elementor-content-item elementor-cta__content-item elementor-cta__image\">\n\t\t\t\t\t\t<img loading=\"lazy\" decoding=\"async\" width=\"768\" height=\"512\" src=\"https:\/\/staging.wilke-marine.com\/wp-content\/uploads\/2023\/11\/edgewater-208cc-768x512-1.jpg\" class=\"attachment-full size-full wp-image-1678\" alt=\"\" srcset=\"https:\/\/staging.wilke-marine.com\/wp-content\/uploads\/2023\/11\/edgewater-208cc-768x512-1.jpg 768w, https:\/\/staging.wilke-marine.com\/wp-content\/uploads\/2023\/11\/edgewater-208cc-768x512-1-300x200.jpg 300w\" sizes=\"(max-width: 768px) 100vw, 768px\" \/>\t\t\t\t\t<\/div>\n\t\t\t\t\n\t\t\t\t\t\t\t\t\t<h3 class=\"elementor-cta__title elementor-cta__content-item elementor-content-item\">\n\t\t\t\t\t\t208CC\t\t\t\t\t<\/h3>\n\t\t\t\t\n\t\t\t\t\t\t\t\t\t<div class=\"elementor-cta__description elementor-cta__content-item elementor-content-item\">\n\t\t\t\t\t\t<p>Ce bateau de p\u00eache offre une perfection sans compromis pour chaque p\u00eacheur. Surmonter les conditions les plus difficiles. Le 208CC est un bateau de p\u00eache dot\u00e9 d'un cockpit spacieux et d'une grande console de type walk-in avec couvercle amovible. Les porte-cannes et les diff\u00e9rentes options pour les bo\u00eetes d'app\u00e2ts vivants maximisent chaque centim\u00e8tre d'espace utilisable dans ce bateau de p\u00eache.<\/p>\n\t\t\t\t\t<\/div>\n\t\t\t\t\n\t\t\t\t\t\t\t<\/div>\n\t\t\t\t\t\t<\/a>\n\t\t\t\t\t\t<\/div>\n\t\t\t\t<\/div>\n\t\t\t\t\t<\/div>\n\t\t\t\t<\/div>\n\t\t\t\t\t<\/div>\n\t\t\t\t<\/div>\n\t\t\t\t\t<\/div>\n\t\t\t\t<\/div>\n\t\t<div class=\"elementor-element elementor-element-0f29ac5 e-flex e-con-boxed e-con e-parent\" data-id=\"0f29ac5\" data-element_type=\"container\">\n\t\t\t\t\t<div class=\"e-con-inner\">\n\t\t\t\t<div class=\"elementor-element elementor-element-bbd9d0c elementor-align-center elementor-widget elementor-widget-button\" data-id=\"bbd9d0c\" data-element_type=\"widget\" data-widget_type=\"button.default\">\n\t\t\t\t<div class=\"elementor-widget-container\">\n\t\t\t\t\t\t\t\t\t<div class=\"elementor-button-wrapper\">\n\t\t\t\t\t<a class=\"elementor-button elementor-button-link elementor-size-sm\" href=\"https:\/\/staging.wilke-marine.com\/fr\/contact\/\">\n\t\t\t\t\t\t<span class=\"elementor-button-content-wrapper\">\n\t\t\t\t\t\t\t\t\t<span class=\"elementor-button-text\">Prenez contact avec nous<\/span>\n\t\t\t\t\t<\/span>\n\t\t\t\t\t<\/a>\n\t\t\t\t<\/div>\n\t\t\t\t\t\t\t\t<\/div>\n\t\t\t\t<\/div>\n\t\t\t\t\t<\/div>\n\t\t\t\t<\/div>\n\t\t\t\t<\/div>\n\t\t","protected":false},"excerpt":{"rendered":"<p>Edgewater Heritage Que vous conduisiez \u00e0 des kilom\u00e8tres de la c\u00f4te, dans le d\u00e9troit ou jusqu&#8217;\u00e0 ce petit banc de sable derri\u00e8re le prochain virage, l&#8217;exceptionnelle gamme EdgeWater Heritage Class \u00e9tablit une nouvelle norme. Combinez les coques profondes mais stables avec des performances sup\u00e9rieures, un design de pointe et une technologie innovante, et vous aurez [&hellip;]<\/p>\n","protected":false},"author":1,"featured_media":0,"parent":0,"menu_order":0,"comment_status":"closed","ping_status":"closed","template":"","meta":{"footnotes":""},"class_list":["post-1927","page","type-page","status-publish","hentry"],"_links":{"self":[{"href":"https:\/\/staging.wilke-marine.com\/fr\/wp-json\/wp\/v2\/pages\/1927","targetHints":{"allow":["GET"]}}],"collection":[{"href":"https:\/\/staging.wilke-marine.com\/fr\/wp-json\/wp\/v2\/pages"}],"about":[{"href":"https:\/\/staging.wilke-marine.com\/fr\/wp-json\/wp\/v2\/types\/page"}],"author":[{"embeddable":true,"href":"https:\/\/staging.wilke-marine.com\/fr\/wp-json\/wp\/v2\/users\/1"}],"replies":[{"embeddable":true,"href":"https:\/\/staging.wilke-marine.com\/fr\/wp-json\/wp\/v2\/comments?post=1927"}],"version-history":[{"count":2,"href":"https:\/\/staging.wilke-marine.com\/fr\/wp-json\/wp\/v2\/pages\/1927\/revisions"}],"predecessor-version":[{"id":1929,"href":"https:\/\/staging.wilke-marine.com\/fr\/wp-json\/wp\/v2\/pages\/1927\/revisions\/1929"}],"wp:attachment":[{"href":"https:\/\/staging.wilke-marine.com\/fr\/wp-json\/wp\/v2\/media?parent=1927"}],"curies":[{"name":"wp","href":"https:\/\/api.w.org\/{rel}","templated":true}]}}