{"id":1847,"date":"2023-11-27T11:01:55","date_gmt":"2023-11-27T11:01:55","guid":{"rendered":"https:\/\/staging.wilke-marine.com\/crestliner-fish-hawk\/"},"modified":"2023-12-09T10:19:50","modified_gmt":"2023-12-09T10:19:50","slug":"crestliner-fish-hawk","status":"publish","type":"page","link":"https:\/\/staging.wilke-marine.com\/fr\/crestliner-fish-hawk\/","title":{"rendered":"Crestliner Fish Hawk"},"content":{"rendered":"\t\t<div data-elementor-type=\"wp-page\" data-elementor-id=\"1847\" class=\"elementor elementor-1847 elementor-696\" data-elementor-post-type=\"page\">\n\t\t\t\t<div class=\"elementor-element elementor-element-abff353 e-flex e-con-boxed e-con e-parent\" data-id=\"abff353\" data-element_type=\"container\">\n\t\t\t\t\t<div class=\"e-con-inner\">\n\t\t\t\t<div class=\"elementor-element elementor-element-aa2875e elementor-widget elementor-widget-heading\" data-id=\"aa2875e\" data-element_type=\"widget\" data-widget_type=\"heading.default\">\n\t\t\t\t<div class=\"elementor-widget-container\">\n\t\t\t\t\t<h1 class=\"elementor-heading-title elementor-size-default\">Crestliner Fish Hawk<\/h1>\t\t\t\t<\/div>\n\t\t\t\t<\/div>\n\t\t\t\t<div class=\"elementor-element elementor-element-a52ccd4 elementor-widget elementor-widget-text-editor\" data-id=\"a52ccd4\" data-element_type=\"widget\" data-widget_type=\"text-editor.default\">\n\t\t\t\t<div class=\"elementor-widget-container\">\n\t\t\t\t\t\t\t\t\t<p>La s\u00e9rie Fish Hawk repr\u00e9sente les bateaux les plus populaires de Crestliner. La derni\u00e8re \u00e9dition de ces bateaux pratiques et fonctionnels a \u00e9t\u00e9 con\u00e7ue selon les souhaits des p\u00eacheurs et peut \u00eatre \u00e9quip\u00e9e individuellement de diff\u00e9rentes configurations.<\/p>\n<p>La coque en aluminium soud\u00e9 vous offre un bateau de grande long\u00e9vit\u00e9 qui s&#8217;adapte \u00e9galement aux toutes derni\u00e8res technologies \u00e9lectroniques.<\/p>\n<p><span style=\"font-size: 22px;\"><span style=\"color: #ff9900;\">Cliquez sur les photos pour plus d&#8217;informations.<\/span><\/span><\/p>\n\t\t\t\t\t\t\t\t<\/div>\n\t\t\t\t<\/div>\n\t\t\t\t\t<\/div>\n\t\t\t\t<\/div>\n\t\t<div class=\"elementor-element elementor-element-617d757 e-flex e-con-boxed e-con e-parent\" data-id=\"617d757\" data-element_type=\"container\">\n\t\t\t\t\t<div class=\"e-con-inner\">\n\t\t<div class=\"elementor-element elementor-element-a7134f7 e-flex e-con-boxed e-con e-child\" data-id=\"a7134f7\" data-element_type=\"container\" data-settings=\"{&quot;background_background&quot;:&quot;classic&quot;}\">\n\t\t\t\t\t<div class=\"e-con-inner\">\n\t\t<div class=\"elementor-element elementor-element-e6bd164 e-flex e-con-boxed e-con e-child\" data-id=\"e6bd164\" data-element_type=\"container\">\n\t\t\t\t\t<div class=\"e-con-inner\">\n\t\t\t\t<div class=\"elementor-element elementor-element-3ab9c6f elementor-cta--valign-middle elementor-cta--skin-classic elementor-animated-content elementor-bg-transform elementor-bg-transform-zoom-in elementor-widget elementor-widget-call-to-action\" data-id=\"3ab9c6f\" data-element_type=\"widget\" data-widget_type=\"call-to-action.default\">\n\t\t\t\t<div class=\"elementor-widget-container\">\n\t\t\t\t\t\t\t<a class=\"elementor-cta\" href=\"https:\/\/www.crestlinerboats.eu\/en\/fish-hawk\/1650-fish-hawk-se-sc-wt\/\">\n\t\t\t\t\t\t\t<div class=\"elementor-cta__content\">\n\t\t\t\t\t\t\t\t\t<div class=\"elementor-content-item elementor-cta__content-item elementor-cta__image\">\n\t\t\t\t\t\t<img fetchpriority=\"high\" decoding=\"async\" width=\"800\" height=\"534\" src=\"https:\/\/staging.wilke-marine.com\/wp-content\/uploads\/2023\/11\/crestliner-fish-hawk-1650-se.jpg\" class=\"attachment-full size-full wp-image-1633\" alt=\"\" srcset=\"https:\/\/staging.wilke-marine.com\/wp-content\/uploads\/2023\/11\/crestliner-fish-hawk-1650-se.jpg 800w, https:\/\/staging.wilke-marine.com\/wp-content\/uploads\/2023\/11\/crestliner-fish-hawk-1650-se-300x200.jpg 300w, https:\/\/staging.wilke-marine.com\/wp-content\/uploads\/2023\/11\/crestliner-fish-hawk-1650-se-768x513.jpg 768w\" sizes=\"(max-width: 800px) 100vw, 800px\" \/>\t\t\t\t\t<\/div>\n\t\t\t\t\n\t\t\t\t\t\t\t\t\t<h3 class=\"elementor-cta__title elementor-cta__content-item elementor-content-item\">\n\t\t\t\t\t\tFish Hawk 1650 SE SC & WT\t\t\t\t\t<\/h3>\n\t\t\t\t\n\t\t\t\t\t\t\t\t\t<div class=\"elementor-cta__description elementor-cta__content-item elementor-content-item\">\n\t\t\t\t\t\t<p>Ce bateau de 16 pieds en aluminium n\u00e9cessite peu d'entretien et poss\u00e8de la r\u00e9sistance enti\u00e8rement soud\u00e9e qui fait la r\u00e9putation de Crestliner. La console est enti\u00e8rement \u00e9quip\u00e9e d'une prise 12 V, de porte-gobelets et d'un support MP3. Avec la bo\u00eete centrale pour cannes jusqu'\u00e0 2,30 m\u00e8tres, vous \u00eates pr\u00eat pour une journ\u00e9e de p\u00eache parfaite.<\/p>\n\t\t\t\t\t<\/div>\n\t\t\t\t\n\t\t\t\t\t\t\t<\/div>\n\t\t\t\t\t\t<\/a>\n\t\t\t\t\t\t<\/div>\n\t\t\t\t<\/div>\n\t\t\t\t\t<\/div>\n\t\t\t\t<\/div>\n\t\t<div class=\"elementor-element elementor-element-bbd218c e-flex e-con-boxed e-con e-child\" data-id=\"bbd218c\" data-element_type=\"container\">\n\t\t\t\t\t<div class=\"e-con-inner\">\n\t\t\t\t<div class=\"elementor-element elementor-element-a612ec4 elementor-cta--valign-middle elementor-cta--skin-classic elementor-animated-content elementor-bg-transform elementor-bg-transform-zoom-in elementor-widget elementor-widget-call-to-action\" data-id=\"a612ec4\" data-element_type=\"widget\" data-widget_type=\"call-to-action.default\">\n\t\t\t\t<div class=\"elementor-widget-container\">\n\t\t\t\t\t\t\t<a class=\"elementor-cta\" href=\"https:\/\/www.crestlinerboats.eu\/en\/fish-hawk\/1650-fish-hawk-sc-wt\/\">\n\t\t\t\t\t\t\t<div class=\"elementor-cta__content\">\n\t\t\t\t\t\t\t\t\t<div class=\"elementor-content-item elementor-cta__content-item elementor-cta__image\">\n\t\t\t\t\t\t<img decoding=\"async\" width=\"800\" height=\"534\" src=\"https:\/\/staging.wilke-marine.com\/wp-content\/uploads\/2023\/11\/crestliner-fish-hawk-1650-sc.jpg\" class=\"attachment-full size-full wp-image-1634\" alt=\"\" srcset=\"https:\/\/staging.wilke-marine.com\/wp-content\/uploads\/2023\/11\/crestliner-fish-hawk-1650-sc.jpg 800w, https:\/\/staging.wilke-marine.com\/wp-content\/uploads\/2023\/11\/crestliner-fish-hawk-1650-sc-300x200.jpg 300w, https:\/\/staging.wilke-marine.com\/wp-content\/uploads\/2023\/11\/crestliner-fish-hawk-1650-sc-768x513.jpg 768w\" sizes=\"(max-width: 800px) 100vw, 800px\" \/>\t\t\t\t\t<\/div>\n\t\t\t\t\n\t\t\t\t\t\t\t\t\t<h3 class=\"elementor-cta__title elementor-cta__content-item elementor-content-item\">\n\t\t\t\t\t\tFish Hawk 1650 SC & WT\t\t\t\t\t<\/h3>\n\t\t\t\t\n\t\t\t\t\t\t\t\t\t<div class=\"elementor-cta__description elementor-cta__content-item elementor-content-item\">\n\t\t\t\t\t\t<p>Le Fish Hawk 1650 SC &amp; WT dispose de 2 aquariums \u00e0 l'avant et \u00e0 l'arri\u00e8re et peut accueillir jusqu'\u00e0 six personnes pour que votre famille et vos amis puissent assister \u00e0 vos grandes prises.<\/p>\n\t\t\t\t\t<\/div>\n\t\t\t\t\n\t\t\t\t\t\t\t<\/div>\n\t\t\t\t\t\t<\/a>\n\t\t\t\t\t\t<\/div>\n\t\t\t\t<\/div>\n\t\t\t\t\t<\/div>\n\t\t\t\t<\/div>\n\t\t\t\t\t<\/div>\n\t\t\t\t<\/div>\n\t\t<div class=\"elementor-element elementor-element-a5f5617 e-flex e-con-boxed e-con e-child\" data-id=\"a5f5617\" data-element_type=\"container\" data-settings=\"{&quot;background_background&quot;:&quot;classic&quot;}\">\n\t\t\t\t\t<div class=\"e-con-inner\">\n\t\t<div class=\"elementor-element elementor-element-08ec701 e-flex e-con-boxed e-con e-child\" data-id=\"08ec701\" data-element_type=\"container\">\n\t\t\t\t\t<div class=\"e-con-inner\">\n\t\t\t\t<div class=\"elementor-element elementor-element-a1f2d41 elementor-cta--valign-middle elementor-cta--skin-classic elementor-animated-content elementor-bg-transform elementor-bg-transform-zoom-in elementor-widget elementor-widget-call-to-action\" data-id=\"a1f2d41\" data-element_type=\"widget\" data-widget_type=\"call-to-action.default\">\n\t\t\t\t<div class=\"elementor-widget-container\">\n\t\t\t\t\t\t\t<a class=\"elementor-cta\" href=\"https:\/\/www.crestlinerboats.eu\/en\/fish-hawk\/1750-fish-hawk-sc-wt\/\">\n\t\t\t\t\t\t\t<div class=\"elementor-cta__content\">\n\t\t\t\t\t\t\t\t\t<div class=\"elementor-content-item elementor-cta__content-item elementor-cta__image\">\n\t\t\t\t\t\t<img decoding=\"async\" width=\"800\" height=\"533\" src=\"https:\/\/staging.wilke-marine.com\/wp-content\/uploads\/2023\/11\/crestliner-fish-hawk-1750.jpg\" class=\"attachment-full size-full wp-image-1635\" alt=\"\" srcset=\"https:\/\/staging.wilke-marine.com\/wp-content\/uploads\/2023\/11\/crestliner-fish-hawk-1750.jpg 800w, https:\/\/staging.wilke-marine.com\/wp-content\/uploads\/2023\/11\/crestliner-fish-hawk-1750-300x200.jpg 300w, https:\/\/staging.wilke-marine.com\/wp-content\/uploads\/2023\/11\/crestliner-fish-hawk-1750-768x512.jpg 768w\" sizes=\"(max-width: 800px) 100vw, 800px\" \/>\t\t\t\t\t<\/div>\n\t\t\t\t\n\t\t\t\t\t\t\t\t\t<h3 class=\"elementor-cta__title elementor-cta__content-item elementor-content-item\">\n\t\t\t\t\t\t1750 Fish Hawk (JS) SC & WT \t\t\t\t\t<\/h3>\n\t\t\t\t\n\t\t\t\t\t\t\t\t\t<div class=\"elementor-cta__description elementor-cta__content-item elementor-content-item\">\n\t\t\t\t\t\t<p>Ce bateau Alu p\u00eacheurs Il est \u00e9quip\u00e9 d'une nouvelle \u00e9lectronique et de si\u00e8ges confort rabattables et est \u00e9quip\u00e9 d'un moteur puissant.<\/p>\n\t\t\t\t\t<\/div>\n\t\t\t\t\n\t\t\t\t\t\t\t<\/div>\n\t\t\t\t\t\t<\/a>\n\t\t\t\t\t\t<\/div>\n\t\t\t\t<\/div>\n\t\t\t\t\t<\/div>\n\t\t\t\t<\/div>\n\t\t<div class=\"elementor-element elementor-element-25e56f1 e-flex e-con-boxed e-con e-child\" data-id=\"25e56f1\" data-element_type=\"container\">\n\t\t\t\t\t<div class=\"e-con-inner\">\n\t\t\t\t<div class=\"elementor-element elementor-element-8062180 elementor-cta--valign-middle elementor-cta--skin-classic elementor-animated-content elementor-bg-transform elementor-bg-transform-zoom-in elementor-widget elementor-widget-call-to-action\" data-id=\"8062180\" data-element_type=\"widget\" data-widget_type=\"call-to-action.default\">\n\t\t\t\t<div class=\"elementor-widget-container\">\n\t\t\t\t\t\t\t<a class=\"elementor-cta\" href=\"https:\/\/www.crestlinerboats.eu\/en\/fish-hawk\/1850-fish-hawk-sc-wt\/\">\n\t\t\t\t\t\t\t<div class=\"elementor-cta__content\">\n\t\t\t\t\t\t\t\t\t<div class=\"elementor-content-item elementor-cta__content-item elementor-cta__image\">\n\t\t\t\t\t\t<img loading=\"lazy\" decoding=\"async\" width=\"800\" height=\"534\" src=\"https:\/\/staging.wilke-marine.com\/wp-content\/uploads\/2023\/11\/crestliner-fish-hawk-1850.jpg\" class=\"attachment-full size-full wp-image-1636\" alt=\"\" srcset=\"https:\/\/staging.wilke-marine.com\/wp-content\/uploads\/2023\/11\/crestliner-fish-hawk-1850.jpg 800w, https:\/\/staging.wilke-marine.com\/wp-content\/uploads\/2023\/11\/crestliner-fish-hawk-1850-300x200.jpg 300w, https:\/\/staging.wilke-marine.com\/wp-content\/uploads\/2023\/11\/crestliner-fish-hawk-1850-768x513.jpg 768w\" sizes=\"(max-width: 800px) 100vw, 800px\" \/>\t\t\t\t\t<\/div>\n\t\t\t\t\n\t\t\t\t\t\t\t\t\t<h3 class=\"elementor-cta__title elementor-cta__content-item elementor-content-item\">\n\t\t\t\t\t\tFish Hawk 1650 SC & WT\t\t\t\t\t<\/h3>\n\t\t\t\t\n\t\t\t\t\t\t\t\t\t<div class=\"elementor-cta__description elementor-cta__content-item elementor-content-item\">\n\t\t\t\t\t\t<p>Le Fish Hawk 1650 SC &amp; WT dispose de 2 aquariums \u00e0 l'avant et \u00e0 l'arri\u00e8re et peut accueillir jusqu'\u00e0 six personnes pour que votre famille et vos amis puissent assister \u00e0 vos grandes prises.<\/p>\n\t\t\t\t\t<\/div>\n\t\t\t\t\n\t\t\t\t\t\t\t<\/div>\n\t\t\t\t\t\t<\/a>\n\t\t\t\t\t\t<\/div>\n\t\t\t\t<\/div>\n\t\t\t\t\t<\/div>\n\t\t\t\t<\/div>\n\t\t\t\t\t<\/div>\n\t\t\t\t<\/div>\n\t\t<div class=\"elementor-element elementor-element-d32c24e e-flex e-con-boxed e-con e-child\" data-id=\"d32c24e\" data-element_type=\"container\" data-settings=\"{&quot;background_background&quot;:&quot;classic&quot;}\">\n\t\t\t\t\t<div class=\"e-con-inner\">\n\t\t<div class=\"elementor-element elementor-element-63ec6c6 e-flex e-con-boxed e-con e-child\" data-id=\"63ec6c6\" data-element_type=\"container\">\n\t\t\t\t\t<div class=\"e-con-inner\">\n\t\t\t\t<div class=\"elementor-element elementor-element-94ea984 elementor-cta--valign-middle elementor-cta--skin-classic elementor-animated-content elementor-bg-transform elementor-bg-transform-zoom-in elementor-widget elementor-widget-call-to-action\" data-id=\"94ea984\" data-element_type=\"widget\" data-widget_type=\"call-to-action.default\">\n\t\t\t\t<div class=\"elementor-widget-container\">\n\t\t\t\t\t\t\t<a class=\"elementor-cta\" href=\"https:\/\/www.crestlinerboats.eu\/en\/fish-hawk\/1950-fish-hawk-wt\/\">\n\t\t\t\t\t\t\t<div class=\"elementor-cta__content\">\n\t\t\t\t\t\t\t\t\t<div class=\"elementor-content-item elementor-cta__content-item elementor-cta__image\">\n\t\t\t\t\t\t<img loading=\"lazy\" decoding=\"async\" width=\"800\" height=\"533\" src=\"https:\/\/staging.wilke-marine.com\/wp-content\/uploads\/2023\/11\/crestliner-fish-hawk-1950.jpg\" class=\"attachment-full size-full wp-image-1637\" alt=\"\" srcset=\"https:\/\/staging.wilke-marine.com\/wp-content\/uploads\/2023\/11\/crestliner-fish-hawk-1950.jpg 800w, https:\/\/staging.wilke-marine.com\/wp-content\/uploads\/2023\/11\/crestliner-fish-hawk-1950-300x200.jpg 300w, https:\/\/staging.wilke-marine.com\/wp-content\/uploads\/2023\/11\/crestliner-fish-hawk-1950-768x512.jpg 768w\" sizes=\"(max-width: 800px) 100vw, 800px\" \/>\t\t\t\t\t<\/div>\n\t\t\t\t\n\t\t\t\t\t\t\t\t\t<h3 class=\"elementor-cta__title elementor-cta__content-item elementor-content-item\">\n\t\t\t\t\t\t1950 Fish Hawk WT \t\t\t\t\t<\/h3>\n\t\t\t\t\n\t\t\t\t\t\t\t\t\t<div class=\"elementor-cta__description elementor-cta__content-item elementor-content-item\">\n\t\t\t\t\t\t<p>Par rapport au mod\u00e8le pr\u00e9c\u00e9dent, davantage de nouvelles options ont \u00e9t\u00e9 ajout\u00e9es ou modifi\u00e9es selon les souhaits des p\u00eacheurs. Les si\u00e8ges peuvent \u00eatre rabattus afin qu'ils soient enti\u00e8rement int\u00e9gr\u00e9s dans le pont arri\u00e8re et que vous puissiez l'utiliser comme plate-forme de p\u00eache. Le nouveau design de la console avec porte-gobelet et prise 12 volts compl\u00e8te l'exp\u00e9rience de p\u00eache.<\/p>\n\t\t\t\t\t<\/div>\n\t\t\t\t\n\t\t\t\t\t\t\t<\/div>\n\t\t\t\t\t\t<\/a>\n\t\t\t\t\t\t<\/div>\n\t\t\t\t<\/div>\n\t\t\t\t\t<\/div>\n\t\t\t\t<\/div>\n\t\t\t\t\t<\/div>\n\t\t\t\t<\/div>\n\t\t\t\t\t<\/div>\n\t\t\t\t<\/div>\n\t\t<div class=\"elementor-element elementor-element-0f29ac5 e-flex e-con-boxed e-con e-parent\" data-id=\"0f29ac5\" data-element_type=\"container\">\n\t\t\t\t\t<div class=\"e-con-inner\">\n\t\t\t\t<div class=\"elementor-element elementor-element-bbd9d0c elementor-align-center elementor-widget elementor-widget-button\" data-id=\"bbd9d0c\" data-element_type=\"widget\" data-widget_type=\"button.default\">\n\t\t\t\t<div class=\"elementor-widget-container\">\n\t\t\t\t\t\t\t\t\t<div class=\"elementor-button-wrapper\">\n\t\t\t\t\t<a class=\"elementor-button elementor-button-link elementor-size-sm\" href=\"https:\/\/staging.wilke-marine.com\/fr\/contact\/\">\n\t\t\t\t\t\t<span class=\"elementor-button-content-wrapper\">\n\t\t\t\t\t\t\t\t\t<span class=\"elementor-button-text\">Prenez contact avec nous<\/span>\n\t\t\t\t\t<\/span>\n\t\t\t\t\t<\/a>\n\t\t\t\t<\/div>\n\t\t\t\t\t\t\t\t<\/div>\n\t\t\t\t<\/div>\n\t\t\t\t\t<\/div>\n\t\t\t\t<\/div>\n\t\t\t\t<\/div>\n\t\t","protected":false},"excerpt":{"rendered":"<p>Crestliner Fish Hawk La s\u00e9rie Fish Hawk repr\u00e9sente les bateaux les plus populaires de Crestliner. La derni\u00e8re \u00e9dition de ces bateaux pratiques et fonctionnels a \u00e9t\u00e9 con\u00e7ue selon les souhaits des p\u00eacheurs et peut \u00eatre \u00e9quip\u00e9e individuellement de diff\u00e9rentes configurations. La coque en aluminium soud\u00e9 vous offre un bateau de grande long\u00e9vit\u00e9 qui s&#8217;adapte \u00e9galement [&hellip;]<\/p>\n","protected":false},"author":1,"featured_media":0,"parent":0,"menu_order":0,"comment_status":"closed","ping_status":"closed","template":"","meta":{"footnotes":""},"class_list":["post-1847","page","type-page","status-publish","hentry"],"_links":{"self":[{"href":"https:\/\/staging.wilke-marine.com\/fr\/wp-json\/wp\/v2\/pages\/1847","targetHints":{"allow":["GET"]}}],"collection":[{"href":"https:\/\/staging.wilke-marine.com\/fr\/wp-json\/wp\/v2\/pages"}],"about":[{"href":"https:\/\/staging.wilke-marine.com\/fr\/wp-json\/wp\/v2\/types\/page"}],"author":[{"embeddable":true,"href":"https:\/\/staging.wilke-marine.com\/fr\/wp-json\/wp\/v2\/users\/1"}],"replies":[{"embeddable":true,"href":"https:\/\/staging.wilke-marine.com\/fr\/wp-json\/wp\/v2\/comments?post=1847"}],"version-history":[{"count":2,"href":"https:\/\/staging.wilke-marine.com\/fr\/wp-json\/wp\/v2\/pages\/1847\/revisions"}],"predecessor-version":[{"id":1849,"href":"https:\/\/staging.wilke-marine.com\/fr\/wp-json\/wp\/v2\/pages\/1847\/revisions\/1849"}],"wp:attachment":[{"href":"https:\/\/staging.wilke-marine.com\/fr\/wp-json\/wp\/v2\/media?parent=1847"}],"curies":[{"name":"wp","href":"https:\/\/api.w.org\/{rel}","templated":true}]}}