{"id":1843,"date":"2023-11-27T04:52:31","date_gmt":"2023-11-27T04:52:31","guid":{"rendered":"https:\/\/staging.wilke-marine.com\/crestliner-discovery\/"},"modified":"2023-12-09T10:14:17","modified_gmt":"2023-12-09T10:14:17","slug":"crestliner-discovery","status":"publish","type":"page","link":"https:\/\/staging.wilke-marine.com\/fr\/crestliner-discovery\/","title":{"rendered":"Crestliner Discovery"},"content":{"rendered":"\t\t<div data-elementor-type=\"wp-page\" data-elementor-id=\"1843\" class=\"elementor elementor-1843 elementor-681\" data-elementor-post-type=\"page\">\n\t\t\t\t<div class=\"elementor-element elementor-element-b509b2a e-flex e-con-boxed e-con e-parent\" data-id=\"b509b2a\" data-element_type=\"container\">\n\t\t\t\t\t<div class=\"e-con-inner\">\n\t\t\t\t<div class=\"elementor-element elementor-element-f1fbec6 elementor-widget elementor-widget-heading\" data-id=\"f1fbec6\" data-element_type=\"widget\" data-widget_type=\"heading.default\">\n\t\t\t\t<div class=\"elementor-widget-container\">\n\t\t\t\t\t<h1 class=\"elementor-heading-title elementor-size-default\">Crestliner Discovery<\/h1>\t\t\t\t<\/div>\n\t\t\t\t<\/div>\n\t\t\t\t<div class=\"elementor-element elementor-element-387952f elementor-widget elementor-widget-text-editor\" data-id=\"387952f\" data-element_type=\"widget\" data-widget_type=\"text-editor.default\">\n\t\t\t\t<div class=\"elementor-widget-container\">\n\t\t\t\t\t\t\t\t\t<p>Le Crestliner Discovery est un bateau de p\u00eache agile et bien \u00e9quip\u00e9. De la proue \u00e0 la poupe, vous trouverez des caract\u00e9ristiques pratiques qui facilitent la p\u00eache.<\/p>\n<p><span style=\"font-size: 22px;\"><span style=\"color: #ff9900;\">Cliquez sur les photos pour plus d&#8217;informations.<\/span><\/span><\/p>\n\t\t\t\t\t\t\t\t<\/div>\n\t\t\t\t<\/div>\n\t\t\t\t\t<\/div>\n\t\t\t\t<\/div>\n\t\t<div class=\"elementor-element elementor-element-36147d2 e-flex e-con-boxed e-con e-parent\" data-id=\"36147d2\" data-element_type=\"container\">\n\t\t\t\t\t<div class=\"e-con-inner\">\n\t\t<div class=\"elementor-element elementor-element-f3c6eeb e-flex e-con-boxed e-con e-child\" data-id=\"f3c6eeb\" data-element_type=\"container\" data-settings=\"{&quot;background_background&quot;:&quot;classic&quot;}\">\n\t\t\t\t\t<div class=\"e-con-inner\">\n\t\t<div class=\"elementor-element elementor-element-7e1f877 e-flex e-con-boxed e-con e-child\" data-id=\"7e1f877\" data-element_type=\"container\">\n\t\t\t\t\t<div class=\"e-con-inner\">\n\t\t\t\t<div class=\"elementor-element elementor-element-83976c1 elementor-cta--valign-middle elementor-cta--skin-classic elementor-animated-content elementor-bg-transform elementor-bg-transform-zoom-in elementor-widget elementor-widget-call-to-action\" data-id=\"83976c1\" data-element_type=\"widget\" data-widget_type=\"call-to-action.default\">\n\t\t\t\t<div class=\"elementor-widget-container\">\n\t\t\t\t\t\t\t<a class=\"elementor-cta\" href=\"https:\/\/www.crestlinerboats.eu\/en\/discovery\/1650-discovery-tilller\/\">\n\t\t\t\t\t\t\t<div class=\"elementor-cta__content\">\n\t\t\t\t\t\t\t\t\t<div class=\"elementor-content-item elementor-cta__content-item elementor-cta__image\">\n\t\t\t\t\t\t<img fetchpriority=\"high\" decoding=\"async\" width=\"800\" height=\"534\" src=\"https:\/\/staging.wilke-marine.com\/wp-content\/uploads\/2023\/11\/crestliner-discovery-1450.jpg\" class=\"attachment-full size-full wp-image-1631\" alt=\"\" srcset=\"https:\/\/staging.wilke-marine.com\/wp-content\/uploads\/2023\/11\/crestliner-discovery-1450.jpg 800w, https:\/\/staging.wilke-marine.com\/wp-content\/uploads\/2023\/11\/crestliner-discovery-1450-300x200.jpg 300w, https:\/\/staging.wilke-marine.com\/wp-content\/uploads\/2023\/11\/crestliner-discovery-1450-768x513.jpg 768w\" sizes=\"(max-width: 800px) 100vw, 800px\" \/>\t\t\t\t\t<\/div>\n\t\t\t\t\n\t\t\t\t\t\t\t\t\t<h3 class=\"elementor-cta__title elementor-cta__content-item elementor-content-item\">\n\t\t\t\t\t\tDicovery 1450 Tiller\t\t\t\t\t<\/h3>\n\t\t\t\t\n\t\t\t\t\t\t\t\t\t<div class=\"elementor-cta__description elementor-cta__content-item elementor-content-item\">\n\t\t\t\t\t\t<p>Le 1450 Discovery est un bateau plus petit avec de nombreuses possibilit\u00e9s. Il dispose d'un grand vivier, d'un grand espace pour la p\u00eache sur le pont avant et de nombreuses possibilit\u00e9s pour satisfaire les p\u00eacheurs les plus exigeants.<\/p>\n\t\t\t\t\t<\/div>\n\t\t\t\t\n\t\t\t\t\t\t\t<\/div>\n\t\t\t\t\t\t<\/a>\n\t\t\t\t\t\t<\/div>\n\t\t\t\t<\/div>\n\t\t\t\t\t<\/div>\n\t\t\t\t<\/div>\n\t\t<div class=\"elementor-element elementor-element-85c46ef e-flex e-con-boxed e-con e-child\" data-id=\"85c46ef\" data-element_type=\"container\">\n\t\t\t\t\t<div class=\"e-con-inner\">\n\t\t\t\t<div class=\"elementor-element elementor-element-abe28d5 elementor-cta--valign-middle elementor-cta--skin-classic elementor-animated-content elementor-bg-transform elementor-bg-transform-zoom-in elementor-widget elementor-widget-call-to-action\" data-id=\"abe28d5\" data-element_type=\"widget\" data-widget_type=\"call-to-action.default\">\n\t\t\t\t<div class=\"elementor-widget-container\">\n\t\t\t\t\t\t\t<a class=\"elementor-cta\" href=\"https:\/\/www.crestlinerboats.eu\/en\/discovery\/1650-discovery-tilller\/\">\n\t\t\t\t\t\t\t<div class=\"elementor-cta__content\">\n\t\t\t\t\t\t\t\t\t<div class=\"elementor-content-item elementor-cta__content-item elementor-cta__image\">\n\t\t\t\t\t\t<img decoding=\"async\" width=\"800\" height=\"533\" src=\"https:\/\/staging.wilke-marine.com\/wp-content\/uploads\/2023\/11\/crestliner-discovery-1650.jpg\" class=\"attachment-full size-full wp-image-1632\" alt=\"\" srcset=\"https:\/\/staging.wilke-marine.com\/wp-content\/uploads\/2023\/11\/crestliner-discovery-1650.jpg 800w, https:\/\/staging.wilke-marine.com\/wp-content\/uploads\/2023\/11\/crestliner-discovery-1650-300x200.jpg 300w, https:\/\/staging.wilke-marine.com\/wp-content\/uploads\/2023\/11\/crestliner-discovery-1650-768x512.jpg 768w\" sizes=\"(max-width: 800px) 100vw, 800px\" \/>\t\t\t\t\t<\/div>\n\t\t\t\t\n\t\t\t\t\t\t\t\t\t<h3 class=\"elementor-cta__title elementor-cta__content-item elementor-content-item\">\n\t\t\t\t\t\tDiscovery 1650 Tiller\t\t\t\t\t<\/h3>\n\t\t\t\t\n\t\t\t\t\t\t\t\t\t<div class=\"elementor-cta__description elementor-cta__content-item elementor-content-item\">\n\t\t\t\t\t\t<p>Avec ses spacieux bacs \u00e0 poisson et son espace de rangement pour les cannes \u00e0 p\u00eache et autres accessoires, la motobineuse 1650 Discovery Tiller vous permettra de profiter d'une journ\u00e9e de p\u00eache exceptionnelle. Le 1650 Discovery est \u00e9quip\u00e9 de s\u00e9rie d'un syst\u00e8me de rails SureMount et de nombreuses autres options adapt\u00e9es aux poissons pour garantir un voyage de p\u00eache parfait.<\/p>\n\t\t\t\t\t<\/div>\n\t\t\t\t\n\t\t\t\t\t\t\t<\/div>\n\t\t\t\t\t\t<\/a>\n\t\t\t\t\t\t<\/div>\n\t\t\t\t<\/div>\n\t\t\t\t\t<\/div>\n\t\t\t\t<\/div>\n\t\t\t\t\t<\/div>\n\t\t\t\t<\/div>\n\t\t\t\t\t<\/div>\n\t\t\t\t<\/div>\n\t\t<div class=\"elementor-element elementor-element-791f826 e-flex e-con-boxed e-con e-parent\" data-id=\"791f826\" data-element_type=\"container\">\n\t\t\t\t\t<div class=\"e-con-inner\">\n\t\t\t\t<div class=\"elementor-element elementor-element-e6caf9d elementor-align-center elementor-widget elementor-widget-button\" data-id=\"e6caf9d\" data-element_type=\"widget\" data-widget_type=\"button.default\">\n\t\t\t\t<div class=\"elementor-widget-container\">\n\t\t\t\t\t\t\t\t\t<div class=\"elementor-button-wrapper\">\n\t\t\t\t\t<a class=\"elementor-button elementor-button-link elementor-size-sm\" href=\"https:\/\/staging.wilke-marine.com\/fr\/contact\/\">\n\t\t\t\t\t\t<span class=\"elementor-button-content-wrapper\">\n\t\t\t\t\t\t\t\t\t<span class=\"elementor-button-text\">Prenez contact avec nous<\/span>\n\t\t\t\t\t<\/span>\n\t\t\t\t\t<\/a>\n\t\t\t\t<\/div>\n\t\t\t\t\t\t\t\t<\/div>\n\t\t\t\t<\/div>\n\t\t\t\t\t<\/div>\n\t\t\t\t<\/div>\n\t\t\t\t<\/div>\n\t\t","protected":false},"excerpt":{"rendered":"<p>Crestliner Discovery Le Crestliner Discovery est un bateau de p\u00eache agile et bien \u00e9quip\u00e9. De la proue \u00e0 la poupe, vous trouverez des caract\u00e9ristiques pratiques qui facilitent la p\u00eache. Cliquez sur les photos pour plus d&#8217;informations. Dicovery 1450 Tiller Le 1450 Discovery est un bateau plus petit avec de nombreuses possibilit\u00e9s. Il dispose d&#8217;un grand [&hellip;]<\/p>\n","protected":false},"author":1,"featured_media":0,"parent":0,"menu_order":0,"comment_status":"closed","ping_status":"closed","template":"","meta":{"footnotes":""},"class_list":["post-1843","page","type-page","status-publish","hentry"],"_links":{"self":[{"href":"https:\/\/staging.wilke-marine.com\/fr\/wp-json\/wp\/v2\/pages\/1843","targetHints":{"allow":["GET"]}}],"collection":[{"href":"https:\/\/staging.wilke-marine.com\/fr\/wp-json\/wp\/v2\/pages"}],"about":[{"href":"https:\/\/staging.wilke-marine.com\/fr\/wp-json\/wp\/v2\/types\/page"}],"author":[{"embeddable":true,"href":"https:\/\/staging.wilke-marine.com\/fr\/wp-json\/wp\/v2\/users\/1"}],"replies":[{"embeddable":true,"href":"https:\/\/staging.wilke-marine.com\/fr\/wp-json\/wp\/v2\/comments?post=1843"}],"version-history":[{"count":2,"href":"https:\/\/staging.wilke-marine.com\/fr\/wp-json\/wp\/v2\/pages\/1843\/revisions"}],"predecessor-version":[{"id":1845,"href":"https:\/\/staging.wilke-marine.com\/fr\/wp-json\/wp\/v2\/pages\/1843\/revisions\/1845"}],"wp:attachment":[{"href":"https:\/\/staging.wilke-marine.com\/fr\/wp-json\/wp\/v2\/media?parent=1843"}],"curies":[{"name":"wp","href":"https:\/\/api.w.org\/{rel}","templated":true}]}}